{"id":1600,"date":"2021-03-30T19:07:22","date_gmt":"2021-03-30T19:07:22","guid":{"rendered":"http:\/\/nefro-medsv.com\/index.php\/home-2\/"},"modified":"2021-11-30T21:01:22","modified_gmt":"2021-11-30T21:01:22","slug":"inicio","status":"publish","type":"page","link":"https:\/\/nefro-medsv.com\/","title":{"rendered":"Inicio"},"content":{"rendered":"\t\t<div data-elementor-type=\"wp-page\" data-elementor-id=\"1600\" class=\"elementor elementor-1600\">\n\t\t\t\t\t\t\t\t\t<section class=\"elementor-section elementor-top-section elementor-element elementor-element-640453c6 elementor-section-stretched elementor-section-boxed elementor-section-height-default elementor-section-height-default\" data-id=\"640453c6\" data-element_type=\"section\" data-settings=\"{&quot;stretch_section&quot;:&quot;section-stretched&quot;}\">\n\t\t\t\t\t\t<div class=\"elementor-container elementor-column-gap-no\">\n\t\t\t\t\t<div class=\"elementor-column elementor-col-50 elementor-top-column elementor-element elementor-element-19805549\" data-id=\"19805549\" data-element_type=\"column\">\n\t\t\t<div class=\"elementor-widget-wrap elementor-element-populated\">\n\t\t\t\t\t\t\t\t<div class=\"elementor-element elementor-element-5e93af52 animated-slow gyan-title-st-line-after gyan-title-desc-left elementor-invisible elementor-widget elementor-widget-gyan_title\" data-id=\"5e93af52\" data-element_type=\"widget\" data-settings=\"{&quot;_animation&quot;:&quot;fadeInLeft&quot;}\" data-widget_type=\"gyan_title.default\">\n\t\t\t\t<div class=\"elementor-widget-container\">\n\t\t\t\t\t<div class=\"gyan-title\">\r\n\t\t\t<div class=\"gyan-title-subtitle\"><span>EN NEFROMED<\/span><\/div><h2 class=\"gyan-title-heading\">Todos merecemos una segunda oportunidad<\/h2><div class=\"gyan-title-desc\">Nuestra cl\u00ednica especializada en Nefrolog\u00eda te brinda servicios de Hemodi\u00e1lisis para mejorar tu calidad de vida.<\/div>\t\t<\/div>\r\n\t\t\t\t<\/div>\n\t\t\t\t<\/div>\n\t\t\t\t<div class=\"elementor-element elementor-element-1e7468b elementor-align-center animated-slow elementor-invisible elementor-widget elementor-widget-button\" data-id=\"1e7468b\" data-element_type=\"widget\" data-settings=\"{&quot;_animation&quot;:&quot;fadeInUp&quot;}\" data-widget_type=\"button.default\">\n\t\t\t\t<div class=\"elementor-widget-container\">\n\t\t\t\t\t<div class=\"elementor-button-wrapper\">\n\t\t\t<a class=\"elementor-button elementor-button-link elementor-size-sm\" href=\"http:\/\/nefro-medsv.com\/index.php\/nosotros\/\">\n\t\t\t\t\t\t<span class=\"elementor-button-content-wrapper\">\n\t\t\t\t\t\t<span class=\"elementor-button-text\">CON\u00d3CENOS<\/span>\n\t\t<\/span>\n\t\t\t\t\t<\/a>\n\t\t<\/div>\n\t\t\t\t<\/div>\n\t\t\t\t<\/div>\n\t\t\t\t\t<\/div>\n\t\t<\/div>\n\t\t\t\t<div class=\"elementor-column elementor-col-50 elementor-top-column elementor-element elementor-element-6b06e76d\" data-id=\"6b06e76d\" data-element_type=\"column\">\n\t\t\t<div class=\"elementor-widget-wrap elementor-element-populated\">\n\t\t\t\t\t\t\t\t<div class=\"elementor-element elementor-element-49785ebf animated-slow elementor-invisible elementor-widget elementor-widget-image\" data-id=\"49785ebf\" data-element_type=\"widget\" data-settings=\"{&quot;_animation&quot;:&quot;fadeInRight&quot;}\" data-widget_type=\"image.default\">\n\t\t\t\t<div class=\"elementor-widget-container\">\n\t\t\t<style>\/*! elementor - v3.17.0 - 08-11-2023 *\/\n.elementor-widget-image{text-align:center}.elementor-widget-image a{display:inline-block}.elementor-widget-image a img[src$=\".svg\"]{width:48px}.elementor-widget-image img{vertical-align:middle;display:inline-block}<\/style>\t\t\t\t\t\t\t\t\t\t\t\t<img loading=\"lazy\" decoding=\"async\" width=\"1024\" height=\"683\" src=\"https:\/\/nefro-medsv.com\/wp-content\/uploads\/2021\/10\/1-min-1024x683.png\" class=\"attachment-large size-large wp-image-3060\" alt=\"\" srcset=\"https:\/\/nefro-medsv.com\/wp-content\/uploads\/2021\/10\/1-min-1024x683.png 1024w, https:\/\/nefro-medsv.com\/wp-content\/uploads\/2021\/10\/1-min-300x200.png 300w, https:\/\/nefro-medsv.com\/wp-content\/uploads\/2021\/10\/1-min-768x512.png 768w, https:\/\/nefro-medsv.com\/wp-content\/uploads\/2021\/10\/1-min.png 1500w\" sizes=\"auto, (max-width: 1024px) 100vw, 1024px\" \/>\t\t\t\t\t\t\t\t\t\t\t\t\t\t\t<\/div>\n\t\t\t\t<\/div>\n\t\t\t\t\t<\/div>\n\t\t<\/div>\n\t\t\t\t\t\t\t<\/div>\n\t\t<\/section>\n\t\t\t\t<section class=\"elementor-section elementor-top-section elementor-element elementor-element-6e00a22 elementor-section-stretched elementor-section-boxed elementor-section-height-default elementor-section-height-default\" data-id=\"6e00a22\" data-element_type=\"section\" data-settings=\"{&quot;stretch_section&quot;:&quot;section-stretched&quot;}\">\n\t\t\t\t\t\t<div class=\"elementor-container elementor-column-gap-no\">\n\t\t\t\t\t<div class=\"elementor-column elementor-col-100 elementor-top-column elementor-element elementor-element-50d3dfbe\" data-id=\"50d3dfbe\" data-element_type=\"column\">\n\t\t\t<div class=\"elementor-widget-wrap elementor-element-populated\">\n\t\t\t\t\t\t\t\t<section class=\"elementor-section elementor-inner-section elementor-element elementor-element-1bb0086e elementor-section-boxed elementor-section-height-default elementor-section-height-default\" data-id=\"1bb0086e\" data-element_type=\"section\" data-settings=\"{&quot;background_background&quot;:&quot;classic&quot;}\">\n\t\t\t\t\t\t<div class=\"elementor-container elementor-column-gap-no\">\n\t\t\t\t\t<div class=\"elementor-column elementor-col-50 elementor-inner-column elementor-element elementor-element-37abb4a7 animated-slow elementor-invisible\" data-id=\"37abb4a7\" data-element_type=\"column\" data-settings=\"{&quot;animation&quot;:&quot;fadeInDown&quot;}\">\n\t\t\t<div class=\"elementor-widget-wrap elementor-element-populated\">\n\t\t\t\t\t\t\t\t<div class=\"elementor-element elementor-element-36870956 elementor-widget elementor-widget-gyan_title\" data-id=\"36870956\" data-element_type=\"widget\" data-widget_type=\"gyan_title.default\">\n\t\t\t\t<div class=\"elementor-widget-container\">\n\t\t\t\t\t<div class=\"gyan-title\">\r\n\t\t\t<h2 class=\"gyan-title-heading\">Nuestra pasi\u00f3n es ayudar...<\/h2>\t\t<\/div>\r\n\t\t\t\t<\/div>\n\t\t\t\t<\/div>\n\t\t\t\t\t<\/div>\n\t\t<\/div>\n\t\t\t\t<div class=\"elementor-column elementor-col-50 elementor-inner-column elementor-element elementor-element-218df0c3\" data-id=\"218df0c3\" data-element_type=\"column\">\n\t\t\t<div class=\"elementor-widget-wrap elementor-element-populated\">\n\t\t\t\t\t\t\t\t<div class=\"elementor-element elementor-element-2d755a30 animated-slow elementor-invisible elementor-widget elementor-widget-text-editor\" data-id=\"2d755a30\" data-element_type=\"widget\" data-settings=\"{&quot;_animation&quot;:&quot;fadeInDown&quot;}\" data-widget_type=\"text-editor.default\">\n\t\t\t\t<div class=\"elementor-widget-container\">\n\t\t\t<style>\/*! elementor - v3.17.0 - 08-11-2023 *\/\n.elementor-widget-text-editor.elementor-drop-cap-view-stacked .elementor-drop-cap{background-color:#69727d;color:#fff}.elementor-widget-text-editor.elementor-drop-cap-view-framed .elementor-drop-cap{color:#69727d;border:3px solid;background-color:transparent}.elementor-widget-text-editor:not(.elementor-drop-cap-view-default) .elementor-drop-cap{margin-top:8px}.elementor-widget-text-editor:not(.elementor-drop-cap-view-default) .elementor-drop-cap-letter{width:1em;height:1em}.elementor-widget-text-editor .elementor-drop-cap{float:left;text-align:center;line-height:1;font-size:50px}.elementor-widget-text-editor .elementor-drop-cap-letter{display:inline-block}<\/style>\t\t\t\t<p>En NEFRO-MED estamos comprometidos en brindarte una atenci\u00f3n personalizada y de calidad, por eso contamos con las herramientas necesarias y el personal capacitado para ayudarte.<\/p>\t\t\t\t\t\t<\/div>\n\t\t\t\t<\/div>\n\t\t\t\t\t<\/div>\n\t\t<\/div>\n\t\t\t\t\t\t\t<\/div>\n\t\t<\/section>\n\t\t\t\t<div class=\"elementor-element elementor-element-4f6d82ba gyan-services-overlay-align-left animated-slow gyan-overlay-animation-sb elementor-grid-3 elementor-grid-tablet-2 elementor-grid-mobile-1 gyan-services-title-align-left elementor-invisible elementor-widget elementor-widget-gyan_services\" data-id=\"4f6d82ba\" data-element_type=\"widget\" data-settings=\"{&quot;_animation&quot;:&quot;fadeInUp&quot;,&quot;columns&quot;:&quot;3&quot;,&quot;columns_tablet&quot;:&quot;2&quot;,&quot;columns_mobile&quot;:&quot;1&quot;}\" data-widget_type=\"gyan_services.default\">\n\t\t\t\t<div class=\"elementor-widget-container\">\n\t\t\t\n\t\t<div class=\"gyan-services-container gyan-services-st-2 gyan-services-container-4f6d82ba\" data-layout=\"grid\" data-rtl=\"false\">\n\n\t\t\t<div class=\"gyan-services-items gyan-elementor-grid\">\n\n\t\t\t\t\n\t\t\t\t\t<div class=\"gyan-service-item gyan-grid-item-wrap\">\n\t\t\t\t\t\t<div class=\"gyan-services gyan-grid-item gyan-ease-transition\">\n\t\t\t\t\t\t\t<div class=\"gyan-services-all-content\">\n\t<div class=\"gyan-services-image\">\n\t\t<img loading=\"lazy\" decoding=\"async\" width=\"1000\" height=\"700\" src=\"https:\/\/nefro-medsv.com\/wp-content\/uploads\/2021\/10\/h.png\" class=\"attachment-full size-full\" alt=\"\" srcset=\"https:\/\/nefro-medsv.com\/wp-content\/uploads\/2021\/10\/h.png 1000w, https:\/\/nefro-medsv.com\/wp-content\/uploads\/2021\/10\/h-300x210.png 300w, https:\/\/nefro-medsv.com\/wp-content\/uploads\/2021\/10\/h-768x538.png 768w, https:\/\/nefro-medsv.com\/wp-content\/uploads\/2021\/10\/h-100x70.png 100w\" sizes=\"auto, (max-width: 1000px) 100vw, 1000px\" \/>\t<\/div>\n\t<\/div>\n<div class=\"gyan-services-title-section gyan-ease-transition\">\n\t<div class=\"gyan-services-title-icon\"><img loading=\"lazy\" decoding=\"async\" width=\"55\" height=\"55\" src=\"https:\/\/nefro-medsv.com\/wp-content\/uploads\/2021\/10\/h-icon.png\" class=\"attachment-full size-full\" alt=\"\" \/><\/div>\t<h6 class=\"gyan-services-title\"><span >Hemodi\u00e1lisis<\/span><\/h6><\/div>\t\t\t\t\t\t<\/div>\n\t\t\t\t\t<\/div>\n\n\t\t\t\t \n\t\t\t\t\t<div class=\"gyan-service-item gyan-grid-item-wrap\">\n\t\t\t\t\t\t<div class=\"gyan-services gyan-grid-item gyan-ease-transition\">\n\t\t\t\t\t\t\t<div class=\"gyan-services-all-content\">\n\t<div class=\"gyan-services-image\">\n\t\t<img loading=\"lazy\" decoding=\"async\" width=\"1000\" height=\"700\" src=\"https:\/\/nefro-medsv.com\/wp-content\/uploads\/2021\/10\/u.png\" class=\"attachment-full size-full\" alt=\"\" srcset=\"https:\/\/nefro-medsv.com\/wp-content\/uploads\/2021\/10\/u.png 1000w, https:\/\/nefro-medsv.com\/wp-content\/uploads\/2021\/10\/u-300x210.png 300w, https:\/\/nefro-medsv.com\/wp-content\/uploads\/2021\/10\/u-768x538.png 768w, https:\/\/nefro-medsv.com\/wp-content\/uploads\/2021\/10\/u-100x70.png 100w\" sizes=\"auto, (max-width: 1000px) 100vw, 1000px\" \/>\t<\/div>\n\t<\/div>\n<div class=\"gyan-services-title-section gyan-ease-transition\">\n\t<div class=\"gyan-services-title-icon\"><img loading=\"lazy\" decoding=\"async\" width=\"55\" height=\"55\" src=\"https:\/\/nefro-medsv.com\/wp-content\/uploads\/2021\/10\/u-icon.png\" class=\"attachment-full size-full\" alt=\"\" \/><\/div>\t<h6 class=\"gyan-services-title\"><span >Ultrasonograf\u00eda Renal<\/span><\/h6><\/div>\t\t\t\t\t\t<\/div>\n\t\t\t\t\t<\/div>\n\n\t\t\t\t \n\t\t\t\t\t<div class=\"gyan-service-item gyan-grid-item-wrap\">\n\t\t\t\t\t\t<div class=\"gyan-services gyan-grid-item gyan-ease-transition\">\n\t\t\t\t\t\t\t<div class=\"gyan-services-all-content\">\n\t<div class=\"gyan-services-image\">\n\t\t<img loading=\"lazy\" decoding=\"async\" width=\"1000\" height=\"700\" src=\"https:\/\/nefro-medsv.com\/wp-content\/uploads\/2021\/10\/cc.png\" class=\"attachment-full size-full\" alt=\"\" srcset=\"https:\/\/nefro-medsv.com\/wp-content\/uploads\/2021\/10\/cc.png 1000w, https:\/\/nefro-medsv.com\/wp-content\/uploads\/2021\/10\/cc-300x210.png 300w, https:\/\/nefro-medsv.com\/wp-content\/uploads\/2021\/10\/cc-768x538.png 768w, https:\/\/nefro-medsv.com\/wp-content\/uploads\/2021\/10\/cc-100x70.png 100w\" sizes=\"auto, (max-width: 1000px) 100vw, 1000px\" \/>\t<\/div>\n\t<\/div>\n<div class=\"gyan-services-title-section gyan-ease-transition\">\n\t<div class=\"gyan-services-title-icon\"><img loading=\"lazy\" decoding=\"async\" width=\"55\" height=\"55\" src=\"https:\/\/nefro-medsv.com\/wp-content\/uploads\/2021\/10\/cc-icon.png\" class=\"attachment-full size-full\" alt=\"\" \/><\/div>\t<h6 class=\"gyan-services-title\"><span >Cat\u00e9ter temporal y permanente para hemodi\u00e1lisis<\/span><\/h6><\/div>\t\t\t\t\t\t<\/div>\n\t\t\t\t\t<\/div>\n\n\t\t\t\t \n\t\t\t\t\t<div class=\"gyan-service-item gyan-grid-item-wrap\">\n\t\t\t\t\t\t<div class=\"gyan-services gyan-grid-item gyan-ease-transition\">\n\t\t\t\t\t\t\t<div class=\"gyan-services-all-content\">\n\t<div class=\"gyan-services-image\">\n\t\t<img loading=\"lazy\" decoding=\"async\" width=\"1000\" height=\"700\" src=\"https:\/\/nefro-medsv.com\/wp-content\/uploads\/2021\/10\/cn-min.png\" class=\"attachment-full size-full\" alt=\"\" srcset=\"https:\/\/nefro-medsv.com\/wp-content\/uploads\/2021\/10\/cn-min.png 1000w, https:\/\/nefro-medsv.com\/wp-content\/uploads\/2021\/10\/cn-min-300x210.png 300w, https:\/\/nefro-medsv.com\/wp-content\/uploads\/2021\/10\/cn-min-768x538.png 768w, https:\/\/nefro-medsv.com\/wp-content\/uploads\/2021\/10\/cn-min-100x70.png 100w\" sizes=\"auto, (max-width: 1000px) 100vw, 1000px\" \/>\t<\/div>\n\t<\/div>\n<div class=\"gyan-services-title-section gyan-ease-transition\">\n\t<div class=\"gyan-services-title-icon\"><img loading=\"lazy\" decoding=\"async\" width=\"55\" height=\"55\" src=\"https:\/\/nefro-medsv.com\/wp-content\/uploads\/2021\/10\/c-icon.png\" class=\"attachment-full size-full\" alt=\"\" \/><\/div>\t<h6 class=\"gyan-services-title\"><span >Consulta nefrol\u00f3gica<\/span><\/h6><\/div>\t\t\t\t\t\t<\/div>\n\t\t\t\t\t<\/div>\n\n\t\t\t\t \n\t\t\t\t\t<div class=\"gyan-service-item gyan-grid-item-wrap\">\n\t\t\t\t\t\t<div class=\"gyan-services gyan-grid-item gyan-ease-transition\">\n\t\t\t\t\t\t\t<div class=\"gyan-services-all-content\">\n\t<div class=\"gyan-services-image\">\n\t\t<img loading=\"lazy\" decoding=\"async\" width=\"1000\" height=\"700\" src=\"https:\/\/nefro-medsv.com\/wp-content\/uploads\/2021\/10\/lab.png\" class=\"attachment-full size-full\" alt=\"\" srcset=\"https:\/\/nefro-medsv.com\/wp-content\/uploads\/2021\/10\/lab.png 1000w, https:\/\/nefro-medsv.com\/wp-content\/uploads\/2021\/10\/lab-300x210.png 300w, https:\/\/nefro-medsv.com\/wp-content\/uploads\/2021\/10\/lab-768x538.png 768w, https:\/\/nefro-medsv.com\/wp-content\/uploads\/2021\/10\/lab-100x70.png 100w\" sizes=\"auto, (max-width: 1000px) 100vw, 1000px\" \/>\t<\/div>\n\t<\/div>\n<div class=\"gyan-services-title-section gyan-ease-transition\">\n\t<div class=\"gyan-services-title-icon\"><img loading=\"lazy\" decoding=\"async\" width=\"55\" height=\"55\" src=\"https:\/\/nefro-medsv.com\/wp-content\/uploads\/2021\/10\/lab-icon.png\" class=\"attachment-full size-full\" alt=\"\" \/><\/div>\t<h6 class=\"gyan-services-title\"><span >Laboratorio cl\u00ednico<\/span><\/h6><\/div>\t\t\t\t\t\t<\/div>\n\t\t\t\t\t<\/div>\n\n\t\t\t\t \n\t\t\t\t\t<div class=\"gyan-service-item gyan-grid-item-wrap\">\n\t\t\t\t\t\t<div class=\"gyan-services gyan-grid-item gyan-ease-transition\">\n\t\t\t\t\t\t\t<div class=\"gyan-services-all-content\">\n\t<div class=\"gyan-services-image\">\n\t\t<img loading=\"lazy\" decoding=\"async\" width=\"1000\" height=\"700\" src=\"https:\/\/nefro-medsv.com\/wp-content\/uploads\/2021\/11\/cmg-min.png\" class=\"attachment-full size-full\" alt=\"\" srcset=\"https:\/\/nefro-medsv.com\/wp-content\/uploads\/2021\/11\/cmg-min.png 1000w, https:\/\/nefro-medsv.com\/wp-content\/uploads\/2021\/11\/cmg-min-300x210.png 300w, https:\/\/nefro-medsv.com\/wp-content\/uploads\/2021\/11\/cmg-min-768x538.png 768w, https:\/\/nefro-medsv.com\/wp-content\/uploads\/2021\/11\/cmg-min-100x70.png 100w\" sizes=\"auto, (max-width: 1000px) 100vw, 1000px\" \/>\t<\/div>\n\t<\/div>\n<div class=\"gyan-services-title-section gyan-ease-transition\">\n\t<div class=\"gyan-services-title-icon\"><img loading=\"lazy\" decoding=\"async\" width=\"55\" height=\"55\" src=\"https:\/\/nefro-medsv.com\/wp-content\/uploads\/2021\/11\/cmg-icon.png\" class=\"attachment-full size-full\" alt=\"\" \/><\/div>\t<h6 class=\"gyan-services-title\"><span >Consulta m\u00e9dica especializada<\/span><\/h6><\/div>\t\t\t\t\t\t<\/div>\n\t\t\t\t\t<\/div>\n\n\t\t\t\t \n\t\t\t <\/div> <!-- gyan-services-items -->\n\t\t\t <div class=\"clear\"><\/div>\n\n\t\t<\/div>\n\n\t\t\t<\/div>\n\t\t\t\t<\/div>\n\t\t\t\t\t<\/div>\n\t\t<\/div>\n\t\t\t\t\t\t\t<\/div>\n\t\t<\/section>\n\t\t\t\t<section class=\"elementor-section elementor-top-section elementor-element elementor-element-5ddfcc8 elementor-section-boxed elementor-section-height-default elementor-section-height-default\" data-id=\"5ddfcc8\" data-element_type=\"section\">\n\t\t\t\t\t\t<div class=\"elementor-container elementor-column-gap-default\">\n\t\t\t\t\t<div class=\"elementor-column elementor-col-100 elementor-top-column elementor-element elementor-element-6591de0\" data-id=\"6591de0\" data-element_type=\"column\">\n\t\t\t<div class=\"elementor-widget-wrap elementor-element-populated\">\n\t\t\t\t\t\t\t\t<div class=\"elementor-element elementor-element-9a36f54 animated-slow elementor-invisible elementor-widget elementor-widget-gyan_multi_heading\" data-id=\"9a36f54\" data-element_type=\"widget\" data-settings=\"{&quot;_animation&quot;:&quot;fadeInUp&quot;}\" data-widget_type=\"gyan_multi_heading.default\">\n\t\t\t\t<div class=\"elementor-widget-container\">\n\t\t\t<div id =\"9a36f54\" class=\"gyan-multi-heading\"><div class=\"gyan-multi-heading-content gyan-visible@m\"><div class=\"gyan-transform-origin-top-left\">NEFRO-MED<\/div><\/div><div class=\"gyan-sub-heading\"><div class=\"gyan-sub-heading-content\">CUIDA TU SALUD RENAL<\/div><\/div> <h2 class=\"gyan-heading-title\"><div class=\"gyan-main-heading\"><div class=\"gyan-main-heading-inner\">CONT\u00c1CTANOS<\/div><\/div><\/h2><\/div>\t\t<\/div>\n\t\t\t\t<\/div>\n\t\t\t\t<section class=\"elementor-section elementor-inner-section elementor-element elementor-element-c31a367 elementor-section-boxed elementor-section-height-default elementor-section-height-default\" data-id=\"c31a367\" data-element_type=\"section\">\n\t\t\t\t\t\t<div class=\"elementor-container elementor-column-gap-default\">\n\t\t\t\t\t<div class=\"elementor-column elementor-col-50 elementor-inner-column elementor-element elementor-element-e514834\" data-id=\"e514834\" data-element_type=\"column\">\n\t\t\t<div class=\"elementor-widget-wrap elementor-element-populated\">\n\t\t\t\t\t\t\t\t<div class=\"elementor-element elementor-element-fde4ffb elementor-align-right elementor-mobile-align-center animated-slow elementor-invisible elementor-widget elementor-widget-button\" data-id=\"fde4ffb\" data-element_type=\"widget\" data-settings=\"{&quot;_animation&quot;:&quot;fadeInLeft&quot;}\" data-widget_type=\"button.default\">\n\t\t\t\t<div class=\"elementor-widget-container\">\n\t\t\t\t\t<div class=\"elementor-button-wrapper\">\n\t\t\t<a class=\"elementor-button elementor-button-link elementor-size-sm\" href=\"#\">\n\t\t\t\t\t\t<span class=\"elementor-button-content-wrapper\">\n\t\t\t\t\t\t<span class=\"elementor-button-icon elementor-align-icon-left\">\n\t\t\t\t<i aria-hidden=\"true\" class=\"fab fa-whatsapp\"><\/i>\t\t\t<\/span>\n\t\t\t\t\t\t<span class=\"elementor-button-text\">+503 7513 0278<\/span>\n\t\t<\/span>\n\t\t\t\t\t<\/a>\n\t\t<\/div>\n\t\t\t\t<\/div>\n\t\t\t\t<\/div>\n\t\t\t\t\t<\/div>\n\t\t<\/div>\n\t\t\t\t<div class=\"elementor-column elementor-col-50 elementor-inner-column elementor-element elementor-element-f5cb99a\" data-id=\"f5cb99a\" data-element_type=\"column\">\n\t\t\t<div class=\"elementor-widget-wrap elementor-element-populated\">\n\t\t\t\t\t\t\t\t<div class=\"elementor-element elementor-element-9f5b324 elementor-align-left elementor-mobile-align-center animated-slow elementor-invisible elementor-widget elementor-widget-button\" data-id=\"9f5b324\" data-element_type=\"widget\" data-settings=\"{&quot;_animation&quot;:&quot;fadeInRight&quot;}\" data-widget_type=\"button.default\">\n\t\t\t\t<div class=\"elementor-widget-container\">\n\t\t\t\t\t<div class=\"elementor-button-wrapper\">\n\t\t\t<a class=\"elementor-button elementor-button-link elementor-size-sm\" href=\"https:\/\/www.facebook.com\/Unidad-Renal-Nefro-Med-107194017474843\">\n\t\t\t\t\t\t<span class=\"elementor-button-content-wrapper\">\n\t\t\t\t\t\t<span class=\"elementor-button-icon elementor-align-icon-left\">\n\t\t\t\t<i aria-hidden=\"true\" class=\"fab fa-facebook\"><\/i>\t\t\t<\/span>\n\t\t\t\t\t\t<span class=\"elementor-button-text\">S\u00edguenos<\/span>\n\t\t<\/span>\n\t\t\t\t\t<\/a>\n\t\t<\/div>\n\t\t\t\t<\/div>\n\t\t\t\t<\/div>\n\t\t\t\t\t<\/div>\n\t\t<\/div>\n\t\t\t\t\t\t\t<\/div>\n\t\t<\/section>\n\t\t\t\t\t<\/div>\n\t\t<\/div>\n\t\t\t\t\t\t\t<\/div>\n\t\t<\/section>\n\t\t\t\t\t\t\t<\/div>\n\t\t","protected":false},"excerpt":{"rendered":"<p>EN NEFROMED Todos merecemos una segunda oportunidad Nuestra cl\u00ednica especializada en Nefrolog\u00eda te brinda servicios de Hemodi\u00e1lisis para mejorar tu calidad de vida. CON\u00d3CENOS Nuestra pasi\u00f3n es ayudar&#8230; En NEFRO-MED estamos comprometidos en brindarte una atenci\u00f3n personalizada y de calidad, por eso contamos con las herramientas necesarias y el personal [&hellip;]<\/p>\n","protected":false},"author":1,"featured_media":0,"parent":0,"menu_order":0,"comment_status":"closed","ping_status":"closed","template":"","meta":{"footnotes":""},"class_list":["post-1600","page","type-page","status-publish","hentry"],"_links":{"self":[{"href":"https:\/\/nefro-medsv.com\/index.php\/wp-json\/wp\/v2\/pages\/1600","targetHints":{"allow":["GET"]}}],"collection":[{"href":"https:\/\/nefro-medsv.com\/index.php\/wp-json\/wp\/v2\/pages"}],"about":[{"href":"https:\/\/nefro-medsv.com\/index.php\/wp-json\/wp\/v2\/types\/page"}],"author":[{"embeddable":true,"href":"https:\/\/nefro-medsv.com\/index.php\/wp-json\/wp\/v2\/users\/1"}],"replies":[{"embeddable":true,"href":"https:\/\/nefro-medsv.com\/index.php\/wp-json\/wp\/v2\/comments?post=1600"}],"version-history":[{"count":156,"href":"https:\/\/nefro-medsv.com\/index.php\/wp-json\/wp\/v2\/pages\/1600\/revisions"}],"predecessor-version":[{"id":3434,"href":"https:\/\/nefro-medsv.com\/index.php\/wp-json\/wp\/v2\/pages\/1600\/revisions\/3434"}],"wp:attachment":[{"href":"https:\/\/nefro-medsv.com\/index.php\/wp-json\/wp\/v2\/media?parent=1600"}],"curies":[{"name":"wp","href":"https:\/\/api.w.org\/{rel}","templated":true}]}}